{"id":5934,"date":"2026-03-01T22:20:43","date_gmt":"2026-03-01T22:20:43","guid":{"rendered":"https:\/\/festival262.com\/?page_id=5934"},"modified":"2026-03-04T22:11:56","modified_gmt":"2026-03-04T22:11:56","slug":"f262-sign-in","status":"publish","type":"page","link":"https:\/\/festival262.com\/pt\/f262-sign-in\/","title":{"rendered":"F\/262 Sign In"},"content":{"rendered":"<div data-elementor-type=\"wp-page\" data-elementor-id=\"5934\" class=\"elementor elementor-5934\">\n\t\t\t\t\t\t<section class=\"elementor-section elementor-top-section elementor-element elementor-element-7623f64 elementor-section-boxed elementor-section-height-default elementor-section-height-default\" data-id=\"7623f64\" data-element_type=\"section\" data-e-type=\"section\">\n\t\t\t\t\t\t<div class=\"elementor-container elementor-column-gap-default\">\n\t\t\t\t\t<div class=\"elementor-column elementor-col-100 elementor-top-column elementor-element elementor-element-ec96724\" data-id=\"ec96724\" data-element_type=\"column\" data-e-type=\"column\">\n\t\t\t<div class=\"elementor-widget-wrap elementor-element-populated\">\n\t\t\t\t\t\t<div class=\"elementor-element elementor-element-d02eb12 elementor-widget elementor-widget-f262_dashboard_navigation\" data-id=\"d02eb12\" data-element_type=\"widget\" data-e-type=\"widget\" data-widget_type=\"f262_dashboard_navigation.default\">\n\t\t\t\t<div class=\"elementor-widget-container\">\n\t\t\t\t\t<nav class=\"f262-dashboard-nav\"><ul id=\"menu-f262-not-sign-menu\" class=\"f262-nav-list\"><li id=\"menu-item-5957\" class=\"menu-item menu-item-type-post_type menu-item-object-page menu-item-5957\"><a href=\"https:\/\/festival262.com\/pt\/f262-sign-in\/\">Iniciar sess\u00e3o<\/a><\/li>\n<li id=\"menu-item-5956\" class=\"menu-item menu-item-type-post_type menu-item-object-page menu-item-5956\"><a href=\"https:\/\/festival262.com\/pt\/f262-sign-up\/\">Registe-se<\/a><\/li>\n<\/ul><\/nav>\t\t\t\t<\/div>\n\t\t\t\t<\/div>\n\t\t\t\t\t<\/div>\n\t\t<\/div>\n\t\t\t\t\t<\/div>\n\t\t<\/section>\n\t\t\t\t<section class=\"elementor-section elementor-top-section elementor-element elementor-element-61d8f0e elementor-section-boxed elementor-section-height-default elementor-section-height-default\" data-id=\"61d8f0e\" data-element_type=\"section\" data-e-type=\"section\">\n\t\t\t\t\t\t<div class=\"elementor-container elementor-column-gap-default\">\n\t\t\t\t\t<div class=\"elementor-column elementor-col-100 elementor-top-column elementor-element elementor-element-765d4f6\" data-id=\"765d4f6\" data-element_type=\"column\" data-e-type=\"column\">\n\t\t\t<div class=\"elementor-widget-wrap elementor-element-populated\">\n\t\t\t\t\t\t<div class=\"elementor-element elementor-element-9ee3500 elementor-widget elementor-widget-heading\" data-id=\"9ee3500\" data-element_type=\"widget\" data-e-type=\"widget\" data-widget_type=\"heading.default\">\n\t\t\t\t<div class=\"elementor-widget-container\">\n\t\t\t\t\t<h2 class=\"elementor-heading-title elementor-size-default\">Iniciar sess\u00e3o<\/h2>\t\t\t\t<\/div>\n\t\t\t\t<\/div>\n\t\t\t\t\t<\/div>\n\t\t<\/div>\n\t\t\t\t\t<\/div>\n\t\t<\/section>\n\t\t\t\t<section class=\"elementor-section elementor-top-section elementor-element elementor-element-cf8d4ae elementor-section-boxed elementor-section-height-default elementor-section-height-default\" data-id=\"cf8d4ae\" data-element_type=\"section\" data-e-type=\"section\">\n\t\t\t\t\t\t<div class=\"elementor-container elementor-column-gap-default\">\n\t\t\t\t\t<div class=\"elementor-column elementor-col-100 elementor-top-column elementor-element elementor-element-c3dbcd6\" data-id=\"c3dbcd6\" data-element_type=\"column\" data-e-type=\"column\">\n\t\t\t<div class=\"elementor-widget-wrap elementor-element-populated\">\n\t\t\t\t\t\t<div class=\"elementor-element elementor-element-70f27f2 elementor-widget elementor-widget-f262_login_form\" data-id=\"70f27f2\" data-element_type=\"widget\" data-e-type=\"widget\" data-widget_type=\"f262_login_form.default\">\n\t\t\t\t<div class=\"elementor-widget-container\">\n\t\t\t\t\t        <form method=\"post\" class=\"f262-login-form\" action=\"\">\r\n            <input type=\"hidden\" id=\"f262_login_nonce\" name=\"f262_login_nonce\" value=\"aaf4fe7e4a\" \/><input type=\"hidden\" name=\"_wp_http_referer\" value=\"\/pt\/wp-json\/wp\/v2\/pages\/5934\" \/>            \r\n                        \r\n            <p class=\"f262-form-row\">\r\n                <label for=\"f262_user_login\">\r\n                    Nome de utilizador ou endere\u00e7o de correio eletr\u00f3nico                <\/label>\r\n                <input type=\"text\" name=\"log\" id=\"f262_user_login\" class=\"input\" value=\"\" size=\"20\" required>\r\n            <\/p>\r\n            <p class=\"f262-form-row\">\r\n                <label for=\"f262_user_pass\">\r\n                    Palavra-passe                <\/label>\r\n                <input type=\"password\" name=\"pwd\" id=\"f262_user_pass\" class=\"input\" value=\"\" size=\"20\" required>\r\n            <\/p>\r\n            <p class=\"f262-login-remember\">\r\n                <label><input name=\"rememberme\" type=\"checkbox\" id=\"rememberme\" value=\"forever\">\r\n                    Lembrar-me                <\/label>\r\n            <\/p>\r\n            <p class=\"f262-login-submit\">\r\n                <input type=\"submit\" name=\"wp-submit\" id=\"wp-submit\" class=\"button button-primary\"\r\n                    value=\"Iniciar sess\u00e3o\">\r\n            <\/p>\r\n        <input type=\"hidden\" name=\"etm-form-language\" value=\"pt\"\/><\/form>\r\n        \t\t\t\t<\/div>\n\t\t\t\t<\/div>\n\t\t\t\t\t<\/div>\n\t\t<\/div>\n\t\t\t\t\t<\/div>\n\t\t<\/section>\n\t\t\t\t<\/div>","protected":false},"excerpt":{"rendered":"<p>F\/262 Formul\u00e1rio de Submiss\u00e3o F\/262 Perfil de Utilizador F\/262 Submiss\u00f5es de Utilizador Carrinho Check Out A minha conta Entrar J\u00e1 tem sess\u00e3o iniciada. Ir para o painel de controlo<\/p>","protected":false},"author":1,"featured_media":0,"parent":0,"menu_order":0,"comment_status":"closed","ping_status":"closed","template":"","meta":{"_acf_changed":false,"footnotes":""},"class_list":["post-5934","page","type-page","status-publish","hentry"],"acf":[],"yoast_head":"<!-- This site is optimized with the Yoast SEO plugin v27.4 - https:\/\/yoast.com\/product\/yoast-seo-wordpress\/ -->\n<title>F\/262 Sign In - F\/262 Festival Internacional de Fotografia<\/title>\n<meta name=\"robots\" content=\"index, follow, max-snippet:-1, max-image-preview:large, max-video-preview:-1\" \/>\n<link rel=\"canonical\" href=\"https:\/\/festival262.com\/pt\/f262-sign-in\/\" \/>\n<meta property=\"og:locale\" content=\"pt_PT\" \/>\n<meta property=\"og:type\" content=\"article\" \/>\n<meta property=\"og:title\" content=\"F\/262 Sign In - F\/262 Festival Internacional de Fotografia\" \/>\n<meta property=\"og:description\" content=\"F\/262 Submission Form F\/262 User Profile F\/262 User Submissions Carrinho Check Out A minha conta Log out Sign In You are already logged in. Go to Dashboard\" \/>\n<meta property=\"og:url\" content=\"https:\/\/festival262.com\/pt\/f262-sign-in\/\" \/>\n<meta property=\"og:site_name\" content=\"F\/262 Festival Internacional de Fotografia\" \/>\n<meta property=\"article:modified_time\" content=\"2026-03-04T22:11:56+00:00\" \/>\n<meta property=\"og:image\" content=\"https:\/\/festival262.com\/wp-content\/uploads\/2025\/07\/ChatGPT-Image-Jul-31-2025-12_20_31-AM.png\" \/>\n\t<meta property=\"og:image:width\" content=\"1024\" \/>\n\t<meta property=\"og:image:height\" content=\"1024\" \/>\n\t<meta property=\"og:image:type\" content=\"image\/png\" \/>\n<meta name=\"twitter:card\" content=\"summary_large_image\" \/>\n<meta name=\"twitter:label1\" content=\"Tempo estimado de leitura\" \/>\n\t<meta name=\"twitter:data1\" content=\"1 minuto\" \/>\n<script type=\"application\/ld+json\" class=\"yoast-schema-graph\">{\"@context\":\"https:\\\/\\\/schema.org\",\"@graph\":[{\"@type\":\"WebPage\",\"@id\":\"https:\\\/\\\/festival262.com\\\/f262-sign-in\\\/\",\"url\":\"https:\\\/\\\/festival262.com\\\/f262-sign-in\\\/\",\"name\":\"F\\\/262 Sign In - F\\\/262 Festival Internacional de Fotografia\",\"isPartOf\":{\"@id\":\"https:\\\/\\\/festival262.com\\\/#website\"},\"datePublished\":\"2026-03-01T22:20:43+00:00\",\"dateModified\":\"2026-03-04T22:11:56+00:00\",\"breadcrumb\":{\"@id\":\"https:\\\/\\\/festival262.com\\\/f262-sign-in\\\/#breadcrumb\"},\"inLanguage\":\"pt-PT\",\"potentialAction\":[{\"@type\":\"ReadAction\",\"target\":[\"https:\\\/\\\/festival262.com\\\/f262-sign-in\\\/\"]}]},{\"@type\":\"BreadcrumbList\",\"@id\":\"https:\\\/\\\/festival262.com\\\/f262-sign-in\\\/#breadcrumb\",\"itemListElement\":[{\"@type\":\"ListItem\",\"position\":1,\"name\":\"Home\",\"item\":\"https:\\\/\\\/festival262.com\\\/\"},{\"@type\":\"ListItem\",\"position\":2,\"name\":\"F\\\/262 Sign In\"}]},{\"@type\":\"WebSite\",\"@id\":\"https:\\\/\\\/festival262.com\\\/#website\",\"url\":\"https:\\\/\\\/festival262.com\\\/\",\"name\":\"F7262 Fetsival Internacional de Fotografia\",\"description\":\"Photography as Culture, Community, and Practice\",\"publisher\":{\"@id\":\"https:\\\/\\\/festival262.com\\\/#organization\"},\"alternateName\":\"Festival262\",\"potentialAction\":[{\"@type\":\"SearchAction\",\"target\":{\"@type\":\"EntryPoint\",\"urlTemplate\":\"https:\\\/\\\/festival262.com\\\/?s={search_term_string}\"},\"query-input\":{\"@type\":\"PropertyValueSpecification\",\"valueRequired\":true,\"valueName\":\"search_term_string\"}}],\"inLanguage\":\"pt-PT\"},{\"@type\":\"Organization\",\"@id\":\"https:\\\/\\\/festival262.com\\\/#organization\",\"name\":\"F\\\/262 Festival Internacional de Fotografia\",\"url\":\"https:\\\/\\\/festival262.com\\\/\",\"logo\":{\"@type\":\"ImageObject\",\"inLanguage\":\"pt-PT\",\"@id\":\"https:\\\/\\\/festival262.com\\\/#\\\/schema\\\/logo\\\/image\\\/\",\"url\":\"https:\\\/\\\/festival262.com\\\/wp-content\\\/uploads\\\/2019\\\/10\\\/cropped-f-262-icon-e-logo-scaled-1.png\",\"contentUrl\":\"https:\\\/\\\/festival262.com\\\/wp-content\\\/uploads\\\/2019\\\/10\\\/cropped-f-262-icon-e-logo-scaled-1.png\",\"width\":2558,\"height\":1048,\"caption\":\"F\\\/262 Festival Internacional de Fotografia\"},\"image\":{\"@id\":\"https:\\\/\\\/festival262.com\\\/#\\\/schema\\\/logo\\\/image\\\/\"}}]}<\/script>\n<!-- \/ Yoast SEO plugin. -->","yoast_head_json":{"title":"F\/262 Sign In - F\/262 Festival Internacional de Fotografia","robots":{"index":"index","follow":"follow","max-snippet":"max-snippet:-1","max-image-preview":"max-image-preview:large","max-video-preview":"max-video-preview:-1"},"canonical":"https:\/\/festival262.com\/pt\/f262-sign-in\/","og_locale":"pt_PT","og_type":"article","og_title":"F\/262 Sign In - F\/262 Festival Internacional de Fotografia","og_description":"F\/262 Submission Form F\/262 User Profile F\/262 User Submissions Carrinho Check Out A minha conta Log out Sign In You are already logged in. Go to Dashboard","og_url":"https:\/\/festival262.com\/pt\/f262-sign-in\/","og_site_name":"F\/262 Festival Internacional de Fotografia","article_modified_time":"2026-03-04T22:11:56+00:00","og_image":[{"width":1024,"height":1024,"url":"https:\/\/festival262.com\/wp-content\/uploads\/2025\/07\/ChatGPT-Image-Jul-31-2025-12_20_31-AM.png","type":"image\/png"}],"twitter_card":"summary_large_image","twitter_misc":{"Tempo estimado de leitura":"1 minuto"},"schema":{"@context":"https:\/\/schema.org","@graph":[{"@type":"WebPage","@id":"https:\/\/festival262.com\/f262-sign-in\/","url":"https:\/\/festival262.com\/f262-sign-in\/","name":"F\/262 Sign In - F\/262 Festival Internacional de Fotografia","isPartOf":{"@id":"https:\/\/festival262.com\/#website"},"datePublished":"2026-03-01T22:20:43+00:00","dateModified":"2026-03-04T22:11:56+00:00","breadcrumb":{"@id":"https:\/\/festival262.com\/f262-sign-in\/#breadcrumb"},"inLanguage":"pt-PT","potentialAction":[{"@type":"ReadAction","target":["https:\/\/festival262.com\/f262-sign-in\/"]}]},{"@type":"BreadcrumbList","@id":"https:\/\/festival262.com\/f262-sign-in\/#breadcrumb","itemListElement":[{"@type":"ListItem","position":1,"name":"Home","item":"https:\/\/festival262.com\/"},{"@type":"ListItem","position":2,"name":"F\/262 Sign In"}]},{"@type":"WebSite","@id":"https:\/\/festival262.com\/#website","url":"https:\/\/festival262.com\/","name":"F7262 Fetsival Internacional de Fotografia","description":"Photography as Culture, Community, and Practice","publisher":{"@id":"https:\/\/festival262.com\/#organization"},"alternateName":"Festival262","potentialAction":[{"@type":"SearchAction","target":{"@type":"EntryPoint","urlTemplate":"https:\/\/festival262.com\/?s={search_term_string}"},"query-input":{"@type":"PropertyValueSpecification","valueRequired":true,"valueName":"search_term_string"}}],"inLanguage":"pt-PT"},{"@type":"Organization","@id":"https:\/\/festival262.com\/#organization","name":"F\/262 Festival Internacional de Fotografia","url":"https:\/\/festival262.com\/","logo":{"@type":"ImageObject","inLanguage":"pt-PT","@id":"https:\/\/festival262.com\/#\/schema\/logo\/image\/","url":"https:\/\/festival262.com\/wp-content\/uploads\/2019\/10\/cropped-f-262-icon-e-logo-scaled-1.png","contentUrl":"https:\/\/festival262.com\/wp-content\/uploads\/2019\/10\/cropped-f-262-icon-e-logo-scaled-1.png","width":2558,"height":1048,"caption":"F\/262 Festival Internacional de Fotografia"},"image":{"@id":"https:\/\/festival262.com\/#\/schema\/logo\/image\/"}}]}},"_links":{"self":[{"href":"https:\/\/festival262.com\/pt\/wp-json\/wp\/v2\/pages\/5934","targetHints":{"allow":["GET"]}}],"collection":[{"href":"https:\/\/festival262.com\/pt\/wp-json\/wp\/v2\/pages"}],"about":[{"href":"https:\/\/festival262.com\/pt\/wp-json\/wp\/v2\/types\/page"}],"author":[{"embeddable":true,"href":"https:\/\/festival262.com\/pt\/wp-json\/wp\/v2\/users\/1"}],"replies":[{"embeddable":true,"href":"https:\/\/festival262.com\/pt\/wp-json\/wp\/v2\/comments?post=5934"}],"version-history":[{"count":5,"href":"https:\/\/festival262.com\/pt\/wp-json\/wp\/v2\/pages\/5934\/revisions"}],"predecessor-version":[{"id":6056,"href":"https:\/\/festival262.com\/pt\/wp-json\/wp\/v2\/pages\/5934\/revisions\/6056"}],"wp:attachment":[{"href":"https:\/\/festival262.com\/pt\/wp-json\/wp\/v2\/media?parent=5934"}],"curies":[{"name":"wp","href":"https:\/\/api.w.org\/{rel}","templated":true}]}}